{"id":1339,"date":"2017-10-16T13:54:07","date_gmt":"2017-10-16T10:54:07","guid":{"rendered":"http:\/\/ninzio.com\/startflow\/?page_id=1339"},"modified":"2025-02-08T00:35:46","modified_gmt":"2025-02-07T21:35:46","slug":"contact-us","status":"publish","type":"page","link":"https:\/\/trb360.com\/eng\/contact-us","title":{"rendered":"Contact Us"},"content":{"rendered":"<section class=\"wpb-content-wrapper\"><p>[vc_row css=&#8221;.vc_custom_1561343375398{background-image: url(http:\/\/ninzio.com\/startflow\/wp-content\/uploads\/2019\/06\/section-bg5.jpg?id=10093) !important;background-position: center !important;background-repeat: no-repeat !important;background-size: cover !important;}&#8221;][vc_column]\r\n\t<div class=\"startflow-spacer clearfix\" data-desktop=\"100\" data-mobi=\"60\" data-smobi=\"60\"><\/div>[vc_row_inner][vc_column_inner width=&#8221;1\/2&#8243;]\r\n\t<div class=\"startflow-spacer clearfix\" data-desktop=\"40\" data-mobi=\"0\" data-smobi=\"0\"><\/div><div class=\"startflow-single-heading clearfix \" style=\"margin-bottom:20px;\"><span class=\"inner\"><span class=\"heading clearfix \" style=\"color:#ffffff;font-size:20px;\">\r\n\t\tNeed Help?\r\n\t<\/span><\/span><\/div><div class=\"startflow-headings clearfix \"  style=\"\"><div class=\"extra-content clearfix\" style=\"\">\r\n\t\t<p>If you have any questions, suggestions, or collaboration offers, feel free to contact us. Our experienced team is here to assist you and will get back to you as soon as possible! Connecting with our valued clients is important to us. You can reach us through the contact information provided below, and you can directly forward your inquiries and requests to our team. We are here to support your success!<\/p>\n\r\n\t<\/div><\/div>\r\n\t<div class=\"startflow-spacer clearfix\" data-desktop=\"50\" data-mobi=\"30\" data-smobi=\"30\"><\/div><div class=\"startflow-content-box clearfix \" data-padding=\"0px 0px 20px 0px\" data-mobipadding=\"0px 0px 20px 0px\" data-margin=\"0px 30px 0px 0px\" data-mobimargin=\"0px 0px 0px 0px\" >\r\n\t\t<div class=\"inner ctb-1522613644\" style=\"\"  data-background=\"\" data-border-color=\"rgba(231,231,231,0.2)\" data-border-width=\"0px 0px 1px 0px\" data-shadow-hover=\" 0px 20px 70px 0px rgba(0,0,0,0.05)\">\r\n\t\t\t<div class=\"startflow-icon-box clearfix icon-left align-left  simple\" style=\"\" ><div class=\"wrap-inner\" style=\"position: relative;\"><div class=\"startflow-icon icon-2019654864 custom custom\"  data-icon=\"#ffffff\" data-background=\"\">\r\n\t\t\t\t<span class=\"icon\" style=\"font-size:65px;width:58px;height:65px;border-style:solid;line-height:65px;\"><i class=\"pe-7s-map-2\"><\/i><\/span>\r\n\t\t\t<\/div> <h3 class=\"heading  white\" style=\"padding-left:90px;color:#ffffff;font-size:18px;padding-top:10px;\">\r\n\t\t\t<span>Our Address<\/span>\r\n\t\t<\/h3><div class=\"desc\" style=\"padding-left:90px;color:#cacaca;\"><p>K\u0131z\u0131l\u0131rmak, 1450. Sk. Mekik Plaza No: 5\/13 06510 \u00c7ankaya\/Ankara- Turkey<\/p>\n<\/div> <\/div><\/div>\r\n\t\t<\/div>\r\n\t<\/div><div class=\"startflow-content-box clearfix \" data-padding=\"20px 0px 20px 0px\" data-mobipadding=\"20px 0px 20px 0px\" data-margin=\"0px 30px 0px 0px\" data-mobimargin=\"0px 0px 0px 0px\" >\r\n\t\t<div class=\"inner ctb-962261299\" style=\"\"  data-background=\"\" data-border-color=\"rgba(231,231,231,0.2)\" data-border-width=\"0px 0px 1px 0px\" data-shadow-hover=\" 0px 20px 70px 0px rgba(0,0,0,0.05)\">\r\n\t\t\t<div class=\"startflow-icon-box clearfix icon-left align-left  simple\" style=\"\" ><div class=\"wrap-inner\" style=\"position: relative;\"><div class=\"startflow-icon icon-2008195564 custom custom\"  data-icon=\"#ffffff\" data-background=\"\">\r\n\t\t\t\t<span class=\"icon\" style=\"font-size:65px;width:58px;height:65px;border-style:solid;line-height:65px;\"><i class=\"pe-7s-call\"><\/i><\/span>\r\n\t\t\t<\/div> <h3 class=\"heading  white\" style=\"padding-left:90px;color:#ffffff;font-size:18px;padding-top:10px;\">\r\n\t\t\t<span>Phone<\/span>\r\n\t\t<\/h3><div class=\"desc\" style=\"padding-left:90px;color:#cacaca;\"><p><a href=\"tel:+903127000360\">+90 (312) 700 03 60<\/a><\/p>\n<\/div> <\/div><\/div>\r\n\t\t<\/div>\r\n\t<\/div><div class=\"startflow-content-box clearfix \" data-padding=\"20px 0px 20px 0px\" data-mobipadding=\"20px 0px 20px 0px\" data-margin=\"0px 30px 0px 0px\" data-mobimargin=\"0px 0px 0px 0px\" >\r\n\t\t<div class=\"inner ctb-644883266\" style=\"\"  data-background=\"\" data-border-color=\"rgba(231,231,231,0.2)\" data-border-width=\"0px 0px 1px 0px\" data-shadow-hover=\" 0px 20px 70px 0px rgba(0,0,0,0.05)\">\r\n\t\t\t<div class=\"startflow-icon-box clearfix icon-left align-left  simple\" style=\"\" ><div class=\"wrap-inner\" style=\"position: relative;\"><div class=\"startflow-icon icon-233434055 custom custom\"  data-icon=\"#ffffff\" data-background=\"\">\r\n\t\t\t\t<span class=\"icon\" style=\"font-size:65px;width:58px;height:65px;border-style:solid;line-height:65px;\"><i class=\"fab fa-whatsapp\"><\/i><\/span>\r\n\t\t\t<\/div> <h3 class=\"heading  white\" style=\"padding-left:90px;color:#ffffff;font-size:18px;padding-top:10px;\">\r\n\t\t\t<span>Whatsapp<\/span>\r\n\t\t<\/h3><div class=\"desc\" style=\"padding-left:90px;color:#cacaca;\"><p><a href=\"https:\/\/wa.me\/903127000360\" target=\"_blank\" rel=\"noopener\">+90 (312) 700 03 60<\/a><\/p>\n<\/div> <\/div><\/div>\r\n\t\t<\/div>\r\n\t<\/div><div class=\"startflow-content-box clearfix \" data-padding=\"20px 0px 0px 0px\" data-mobipadding=\"20px 0px 0px 0px\" data-margin=\"0px 30px 0px 0px\" data-mobimargin=\"0px 0px 0px 0px\" >\r\n\t\t<div class=\"inner ctb-1571252903\" style=\"\"  data-background=\"\" data-shadow-hover=\" 0px 20px 70px 0px rgba(0,0,0,0.05)\">\r\n\t\t\t<div class=\"startflow-icon-box clearfix icon-left align-left  simple\" style=\"\" ><div class=\"wrap-inner\" style=\"position: relative;\"><div class=\"startflow-icon icon-2113200241 custom custom\"  data-icon=\"#ffffff\" data-background=\"\">\r\n\t\t\t\t<span class=\"icon\" style=\"font-size:65px;width:58px;height:65px;border-style:solid;line-height:65px;\"><i class=\"pe-7s-mail-open-file\"><\/i><\/span>\r\n\t\t\t<\/div> <h3 class=\"heading  white\" style=\"padding-left:90px;color:#ffffff;font-size:18px;padding-top:10px;\">\r\n\t\t\t<span>E-Mail<\/span>\r\n\t\t<\/h3><div class=\"desc\" style=\"padding-left:90px;color:#cacaca;\"><div style=\"font-size: 16px;\"><a href=\"mailto:info@trb360.com\" target=\"_blank\" rel=\"noopener\">info@trb360.com<\/a><\/div>\n<\/div> <\/div><\/div>\r\n\t\t<\/div>\r\n\t<\/div>\r\n\t<div class=\"startflow-spacer clearfix\" data-desktop=\"0\" data-mobi=\"45\" data-smobi=\"45\"><\/div>[\/vc_column_inner][vc_column_inner width=&#8221;1\/2&#8243;]<div class=\"startflow-content-box clearfix  wow fadeInRight\" data-padding=\"60px 80px 70px\" data-mobipadding=\"50px 80px 70px\" data-margin=\"\" data-mobimargin=\"\"  data-wow-duration=\"0.75s\" data-wow-delay=\"0.3s\">\r\n\t\t<div class=\"inner ctb-15789251\" style=\"\"  data-background=\"#ffffff\" data-rounded=\"8px\">\r\n\t\t\t<div class=\"startflow-headings clearfix text-center\" data-font=28 style=\"\"><h2 class=\"heading clearfix \" style=\"margin-bottom:25px;font-size:28px;\">\r\n\t\tContact Us\r\n\t<\/h2><\/div>\r\n\t<div class=\"startflow-spacer clearfix\" data-desktop=\"43\" data-mobi=\"30\" data-smobi=\"30\"><\/div>\n<div class=\"wpcf7 no-js\" id=\"wpcf7-f220-o1\" lang=\"tr-TR\" dir=\"ltr\">\n<div class=\"screen-reader-response\"><p role=\"status\" aria-live=\"polite\" aria-atomic=\"true\"><\/p> <ul><\/ul><\/div>\n<form action=\"\/eng\/wp-json\/wp\/v2\/pages\/1339#wpcf7-f220-o1\" method=\"post\" class=\"wpcf7-form init\" aria-label=\"Contact form\" novalidate=\"novalidate\" data-status=\"init\">\n<div style=\"display: none;\">\n<input type=\"hidden\" name=\"_wpcf7\" value=\"220\" \/>\n<input type=\"hidden\" name=\"_wpcf7_version\" value=\"5.8.1\" \/>\n<input type=\"hidden\" name=\"_wpcf7_locale\" value=\"tr_TR\" \/>\n<input type=\"hidden\" name=\"_wpcf7_unit_tag\" value=\"wpcf7-f220-o1\" \/>\n<input type=\"hidden\" name=\"_wpcf7_container_post\" value=\"0\" \/>\n<input type=\"hidden\" name=\"_wpcf7_posted_data_hash\" value=\"\" \/>\n<\/div>\n<p><label> Your Name<br \/>\n<span class=\"wpcf7-form-control-wrap\" data-name=\"your-name\"><input size=\"40\" class=\"wpcf7-form-control wpcf7-text wpcf7-validates-as-required\" autocomplete=\"name\" aria-required=\"true\" aria-invalid=\"false\" value=\"\" type=\"text\" name=\"your-name\" \/><\/span> <\/label>\n<\/p>\n<p><label> E-Mail<br \/>\n<span class=\"wpcf7-form-control-wrap\" data-name=\"your-email\"><input size=\"40\" class=\"wpcf7-form-control wpcf7-email wpcf7-validates-as-required wpcf7-text wpcf7-validates-as-email\" autocomplete=\"email\" aria-required=\"true\" aria-invalid=\"false\" value=\"\" type=\"email\" name=\"your-email\" \/><\/span> <\/label>\n<\/p>\n<p><label> Subjects<br \/>\n<span class=\"wpcf7-form-control-wrap\" data-name=\"your-subject\"><input size=\"40\" class=\"wpcf7-form-control wpcf7-text wpcf7-validates-as-required\" aria-required=\"true\" aria-invalid=\"false\" value=\"\" type=\"text\" name=\"your-subject\" \/><\/span> <\/label>\n<\/p>\n<p><label> Messages<br \/>\n<span class=\"wpcf7-form-control-wrap\" data-name=\"your-message\"><textarea cols=\"40\" rows=\"10\" class=\"wpcf7-form-control wpcf7-textarea\" aria-invalid=\"false\" name=\"your-message\"><\/textarea><\/span> <\/label>\n<\/p>\n<p><input class=\"wpcf7-form-control wpcf7-submit has-spinner\" type=\"submit\" value=\"Send\" \/>\n<\/p><div class=\"wpcf7-response-output\" aria-hidden=\"true\"><\/div>\n<\/form>\n<\/div>\n\r\n\t\t<\/div>\r\n\t<\/div>[\/vc_column_inner][\/vc_row_inner]\r\n\t<div class=\"startflow-spacer clearfix\" data-desktop=\"100\" data-mobi=\"60\" data-smobi=\"60\"><\/div>[\/vc_column][\/vc_row]<\/p>\n<\/section>","protected":false},"excerpt":{"rendered":"<p>[vc_row css=&#8221;.vc_custom_1561343375398{background-image: url(http:\/\/ninzio.com\/startflow\/wp-content\/uploads\/2019\/06\/section-bg5.jpg?id=10093) !important;background-position: center !important;background-repeat: no-repeat !important;background-size: cover !important;}&#8221;][vc_column][vc_row_inner][vc_column_inner width=&#8221;1\/2&#8243;][\/vc_column_inner][vc_column_inner width=&#8221;1\/2&#8243;][\/vc_column_inner][\/vc_row_inner][\/vc_column][\/vc_row]<\/p>\n","protected":false},"author":1,"featured_media":0,"parent":0,"menu_order":0,"comment_status":"closed","ping_status":"closed","template":"","meta":{"om_disable_all_campaigns":false,"_monsterinsights_skip_tracking":false,"_monsterinsights_sitenote_active":false,"_monsterinsights_sitenote_note":"","_monsterinsights_sitenote_category":0,"footnotes":""},"class_list":["post-1339","page","type-page","status-publish","hentry"],"aioseo_notices":[],"_links":{"self":[{"href":"https:\/\/trb360.com\/eng\/wp-json\/wp\/v2\/pages\/1339","targetHints":{"allow":["GET"]}}],"collection":[{"href":"https:\/\/trb360.com\/eng\/wp-json\/wp\/v2\/pages"}],"about":[{"href":"https:\/\/trb360.com\/eng\/wp-json\/wp\/v2\/types\/page"}],"author":[{"embeddable":true,"href":"https:\/\/trb360.com\/eng\/wp-json\/wp\/v2\/users\/1"}],"replies":[{"embeddable":true,"href":"https:\/\/trb360.com\/eng\/wp-json\/wp\/v2\/comments?post=1339"}],"version-history":[{"count":18,"href":"https:\/\/trb360.com\/eng\/wp-json\/wp\/v2\/pages\/1339\/revisions"}],"predecessor-version":[{"id":17795,"href":"https:\/\/trb360.com\/eng\/wp-json\/wp\/v2\/pages\/1339\/revisions\/17795"}],"wp:attachment":[{"href":"https:\/\/trb360.com\/eng\/wp-json\/wp\/v2\/media?parent=1339"}],"curies":[{"name":"wp","href":"https:\/\/api.w.org\/{rel}","templated":true}]}}